{"id":133,"date":"2018-11-07T12:33:51","date_gmt":"2018-11-07T12:33:51","guid":{"rendered":"https:\/\/spitalialoka.com\/al\/?page_id=133"},"modified":"2019-10-09T22:53:21","modified_gmt":"2019-10-09T22:53:21","slug":"per-ne","status":"publish","type":"page","link":"https:\/\/spitalialoka.com\/al\/per-ne\/","title":{"rendered":"P\u00ebr Ne"},"content":{"rendered":"<h5>Rreth Spitalit ton\u00eb<\/h5>\n<h2>Spitali ALOKA<\/h2>\n<p>Gjithqka nisi n\u00eb vitin 2002, n\u00eb nj\u00eb nd\u00ebrtes\u00eb t\u00eb vog\u00ebl, praktikisht n\u00eb katin e par\u00eb dhe p\u00ebrdhes\u00eb t\u00eb banes\u00ebs sime n\u00eb lagjen Tophane n\u00eb Prishtin\u00eb.<br \/>N\u00eb koh\u00ebn kur vendi vuante ende nga plag\u00ebt e panum\u00ebrta t\u00eb trash\u00ebguara t\u00eb varf\u00ebris\u00eb, dhe t\u00eb prapambetjes s\u00eb thell\u00eb, vendosa ti vij n\u00eb ndihm\u00eb shoq\u00ebris\u00eb son\u00eb duke hapur spitalin tim, q\u00eb e quajta \u00a0Spitali ALOKA.<br \/>Fillimisht n\u00eb spital jan\u00eb kryer intervenime kirugjike,sh\u00ebrbime stomatologjike, sh\u00ebrbime ambulatore dhe ultrasonografia.<br \/>Spitali u hap me kapacitet p\u00ebr akomodimin e pak pacient\u00ebve si dhe dhomat p\u00ebr stafin mjekesor\u00eb dhe infermieror\u00eb. Stafi mjek\u00ebsor\u00eb num\u00ebronte pak mjek, un\u00eb Dr.sc.Halit Maloku \u00a0si themelues e prof. Dr. Gazmend Shaqiri si dhe stafin e infermieris\u00eb.<br \/>Numri i madh i operacioneve ishte p\u00ebr mua tregues i mjaftuesh\u00ebm, q\u00eb k\u00ebrkonte zgjerim t\u00eb ambientit, me q\u00ebllim q\u00eb ti p\u00ebrgjigjesha numrit gjithnj\u00eb e n\u00eb rritje t\u00eb pacientave por edhe kujdesit ndaj tyre.<br \/>N\u00eb saj\u00eb t\u00eb pun\u00ebs s\u00eb palodhshme arrihet t\u00eb sigurohet vendi \u00a0dhe t\u00eb nd\u00ebrtohet objekti. Nd\u00ebrtesa e re e spitalit u p\u00ebrurua n\u00eb 2008 n\u00eb lokacionin e sot\u00ebm , n\u00eb Veternik, Prishtin\u00eb.<br \/>Kjo p\u00ebr t\u00eb p\u00ebrmbushur k\u00ebrkes\u00ebn gjithnj\u00eb e n\u00eb rritje t\u00eb kujdesit sh\u00ebndet\u00ebsor\u00eb.<\/p>\n<p>\t\t    <img loading=\"lazy\" width=\"630\" height=\"394\" src=\"https:\/\/spitalialoka.com\/al\/wp-content\/uploads\/2019\/09\/dd-630x394.jpg\" alt=\"\" \/>\t\t     <a href=\"https:\/\/www.youtube.com\/watch?time_continue=3&#038;v=FhQHnQdClHE\"><br \/>\n\t\t    <\/a><\/p>\n<p>Nd\u00ebrtesa e spitalit konsiderohet unike p\u00ebr modelin e saj inovativ, e cila ka \u201c dritaret me xhama q\u00eb jon\u00eb unik p\u00ebr shum\u00eb llojshm\u00ebrin e ngjyrave\u201d por edhe per pajisjet e fundit t\u00eb teknologjis\u00eb s\u00eb lart\u00eb.<br \/>Spitali ka nj\u00eb sip\u00ebrfaqe prej 5000\u00b2 metra katror\u00eb, tri salla t\u00eb operacionit dhe 25 dhoma t\u00eb pacientave.<br \/>Rehatia e pacientit \u00ebsht\u00eb p\u00ebrpar\u00ebsia e jon\u00eb. Dhomat tona t\u00eb pacientave jan\u00eb krijuar p\u00ebr t\u00eb p\u00ebrmbushur nevojat specifike t\u00eb pacientave dhe p\u00ebr t\u00eb siguruar nj\u00eb atmosfer\u00eb t\u00eb k\u00ebndshme, nj\u00eb ndjenj\u00eb sigurie dhe rehatie gjat\u00eb q\u00ebndrimit n\u00eb spital.<br \/>\u00c7do dhom\u00eb \u00ebsht\u00eb e pajisur me TV, nj\u00eb banj\u00eb, sistemi i ngrohjes dhe ftohjes q\u00ebndrore dhe sistemit t\u00eb thirrjeve infermiere.<br \/>Spitali ofron dhoma: teke, dhoma dyshe, si dhe dhoma p\u00ebr V.I.P-i.<br \/>Me rritjen e numrit t\u00eb pacientave, p\u00ebr nj\u00eb diagnostifikim t\u00eb sakt\u00eb dhe t\u00eb shpejt\u00eb, at\u00ebher\u00eb kur metodat e tjera ishin t\u00eb pamjaftueshme me 2008 instalohet Ct nj\u00eb shtresore.<br \/>Nj\u00eb vit m\u00eb von\u00eb instalohet MRI 1.5 T MAGNETOM ESSENZA dhe Ct kardio 64 shtresore DEFINITION AS, q\u00eb t\u00eb dyja t\u00eb reja nga prodhuesi siemens.<br \/>Departamentet dhe repartet e reja u shtuan gjat\u00eb \u00a0viteve t\u00eb fundit, duke reflektuar diversitetin n\u00eb rritje dhe profesionalizmin e kujdesit sh\u00ebndet\u00ebsor\u00eb.<br \/>Spitali Aloka \u00ebsht\u00eb i pajisur me teknologjin\u00eb e fundit t\u00eb imazheris\u00eb,nd\u00ebr t\u00eb tjera me\u00a0 MRI SKYRA 3T \u00a0 me gradian 128 mlT, duke ofruar nj\u00eb diagnostifikim t\u00eb shpejt\u00eb dhe t\u00eb sakt\u00eb.<br \/>Spitali ALOKA tashm\u00eb \u00ebsht\u00eb qend\u00ebr e sofistikuar e kujdesit mjek\u00ebsor\u00eb, gjithnj\u00eb n\u00eb sh\u00ebrbimin tuaj!<\/p>\n<p>\t\t\t\t\t\t<img loading=\"lazy\" width=\"60\" height=\"76\" src=\"https:\/\/spitalialoka.com\/al\/wp-content\/uploads\/2019\/01\/c12.png\" alt=\"\" \/><br \/>\n\t        17<\/p>\n<p>Vite Eksperienc\u00eb<\/p>\n<p>\t\t\t\t\t\t<img loading=\"lazy\" width=\"80\" height=\"76\" src=\"https:\/\/spitalialoka.com\/al\/wp-content\/uploads\/2019\/01\/c13.png\" alt=\"\" \/><br \/>\n\t        390<\/p>\n<p>Staf Specialist<\/p>\n<p>\t\t\t\t\t\t<img loading=\"lazy\" width=\"80\" height=\"76\" src=\"https:\/\/spitalialoka.com\/al\/wp-content\/uploads\/2019\/01\/c14.png\" alt=\"\" \/><br \/>\n\t        29<\/p>\n<p>Dhoma Moderne<\/p>\n<p>\t\t\t\t\t\t<img loading=\"lazy\" width=\"80\" height=\"76\" src=\"https:\/\/spitalialoka.com\/al\/wp-content\/uploads\/2019\/01\/c15.png\" alt=\"\" \/><br \/>\n\t        6930<\/p>\n<p>Pacient t\u00eb Lumtur<\/p>\n<p>\t\t\t\t\t\t\t\t\t\t<img loading=\"lazy\" width=\"512\" height=\"640\" src=\"https:\/\/spitalialoka.com\/al\/wp-content\/uploads\/2019\/10\/dr.Halit_.Maloku.png\" alt=\"\" srcset=\"https:\/\/spitalialoka.com\/al\/wp-content\/uploads\/2019\/10\/dr.Halit_.Maloku.png 512w, https:\/\/spitalialoka.com\/al\/wp-content\/uploads\/2019\/10\/dr.Halit_.Maloku-240x300.png 240w\" sizes=\"(max-width: 512px) 100vw, 512px\" \/>\t\t\t\t\t\t\t\t\t\t\t<\/p>\n<h2>dr. sc. Halit Maloku<\/h2>\n<p>Kirurg<\/p>\n<p>E hapa spitalin n\u00eb nj\u00eb ambient t\u00eb vog\u00ebl, n\u00eb sht\u00ebpin\u00eb time. Aty kuptova vler\u00ebn e pun\u00ebs, pasionit, p\u00ebrkushtimit dhe sakrific\u00ebs, ndaj sh\u00ebndetit t\u00eb pacient\u00ebve numri i t\u00eb cil\u00ebve ishte gjithnj\u00eb e n\u00eb rritje.<\/p>\n<p>Vitet e para ishin t\u00eb gjata, mes praktikave dhe studimeve, privimeve e sakrificave t\u00eb panum\u00ebrta, por prej koh\u00ebsh e synoja k\u00ebt\u00eb objektiv sublim dhe isha i gatsh\u00ebm t\u00eb b\u00ebja t\u00eb pamundur\u00ebn p\u00ebr ta realizuar.<\/p>\n<p>Pun\u00ebt i b\u00ebja gjith\u00eb d\u00ebshir\u00eb, prandaj edhe sot e k\u00ebsaj dite e kam t\u00eb ruajtur dashurin\u00eb p\u00ebr pun\u00ebn cilado qoft\u00eb natyra e saj fizike apo mendore.<\/p>\n<p>Nuk m\u00eb duhej shum\u00eb koh\u00eb t\u00eb kuptoja se njer\u00ebzit, pacient\u00ebt e mi, kishin shum\u00eb nevoj\u00eb q\u00eb ti ndihmoja p\u00ebr sh\u00ebndetin e tyre fizik apo mendor\u00eb.<\/p>\n<p>K\u00ebt\u00eb vazhdoj ta b\u00ebj \u00e7do dit\u00eb me pasionin m\u00eb t\u00eb madh, p\u00ebr Ju q\u00eb m\u00eb besoni sh\u00ebndetin tuaj!<br \/>N\u00ebse m\u00eb par\u00eb ndihmoja pak nj\u00ebr\u00ebz, vizioni im sot \u00ebsht\u00eb t\u00eb ndihmoj mij\u00ebra t\u00eb till\u00eb<\/p>\n","protected":false},"excerpt":{"rendered":"<p>Rreth Spitalit ton\u00eb Spitali ALOKA Gjithqka nisi n\u00eb vitin 2002, n\u00eb nj\u00eb nd\u00ebrtes\u00eb t\u00eb vog\u00ebl, praktikisht n\u00eb katin e par\u00eb dhe p\u00ebrdhes\u00eb t\u00eb banes\u00ebs sime n\u00eb lagjen Tophane n\u00eb Prishtin\u00eb.N\u00eb koh\u00ebn kur vendi vuante ende nga plag\u00ebt e panum\u00ebrta t\u00eb trash\u00ebguara t\u00eb varf\u00ebris\u00eb, dhe t\u00eb prapambetjes s\u00eb thell\u00eb, vendosa ti vij n\u00eb ndihm\u00eb shoq\u00ebris\u00eb son\u00eb&#8230;<\/p>\n","protected":false},"author":1,"featured_media":0,"parent":0,"menu_order":0,"comment_status":"closed","ping_status":"closed","template":"","meta":[],"_links":{"self":[{"href":"https:\/\/spitalialoka.com\/al\/wp-json\/wp\/v2\/pages\/133"}],"collection":[{"href":"https:\/\/spitalialoka.com\/al\/wp-json\/wp\/v2\/pages"}],"about":[{"href":"https:\/\/spitalialoka.com\/al\/wp-json\/wp\/v2\/types\/page"}],"author":[{"embeddable":true,"href":"https:\/\/spitalialoka.com\/al\/wp-json\/wp\/v2\/users\/1"}],"replies":[{"embeddable":true,"href":"https:\/\/spitalialoka.com\/al\/wp-json\/wp\/v2\/comments?post=133"}],"version-history":[{"count":24,"href":"https:\/\/spitalialoka.com\/al\/wp-json\/wp\/v2\/pages\/133\/revisions"}],"predecessor-version":[{"id":3091,"href":"https:\/\/spitalialoka.com\/al\/wp-json\/wp\/v2\/pages\/133\/revisions\/3091"}],"wp:attachment":[{"href":"https:\/\/spitalialoka.com\/al\/wp-json\/wp\/v2\/media?parent=133"}],"curies":[{"name":"wp","href":"https:\/\/api.w.org\/{rel}","templated":true}]}}