{"id":444,"date":"2018-11-13T08:29:52","date_gmt":"2018-11-13T08:29:52","guid":{"rendered":"https:\/\/spitalialoka.com\/al\/?page_id=444"},"modified":"2019-10-28T23:07:08","modified_gmt":"2019-10-28T23:07:08","slug":"home-2","status":"publish","type":"page","link":"https:\/\/spitalialoka.com\/al\/","title":{"rendered":"Home 2"},"content":{"rendered":"<p>[layerslider id=&#8221;2&#8243;]<br \/>\n\t\t\t\t\t\t\t\t\t\t<img loading=\"lazy\" width=\"922\" height=\"564\" src=\"https:\/\/spitalialoka.com\/al\/wp-content\/uploads\/2019\/10\/aloka_spitali.png\" alt=\"\" srcset=\"https:\/\/spitalialoka.com\/al\/wp-content\/uploads\/2019\/10\/aloka_spitali.png 922w, https:\/\/spitalialoka.com\/al\/wp-content\/uploads\/2019\/10\/aloka_spitali-300x184.png 300w, https:\/\/spitalialoka.com\/al\/wp-content\/uploads\/2019\/10\/aloka_spitali-768x470.png 768w, https:\/\/spitalialoka.com\/al\/wp-content\/uploads\/2019\/10\/aloka_spitali-600x367.png 600w\" sizes=\"(max-width: 922px) 100vw, 922px\" \/>\t\t\t\t\t\t\t\t\t\t\t<\/p>\n<h4><h style=\"text-align: left;\"><br \/>Spitali ALOKA<\/h><\/h4>\n<p>Nj\u00eb rol kryesor n\u00eb ofrimin e sh\u00ebrbimeve t\u00eb cil\u00ebsis\u00eb s\u00eb lart\u00eb dhe konform standardeve nd\u00ebrkomb\u00ebtare, duke u fokusuar n\u00eb nevojat mjek\u00ebsore individuale t\u00eb \u00e7do pacienti, luan ekipi i mjek\u00ebve t\u00eb kualifikuar dhe me eksperienc\u00eb.<br \/>Departamentet kryesor\u00eb t\u00eb Spitalit drejtohen nga mjek\u00eb me shum\u00eb eksperienc\u00eb dhe t\u00eb mir\u00ebnjohur n\u00eb fush\u00ebn e tyre.<br \/>Krahas eksperienc\u00ebs dhe kualifikimeve q\u00eb mjek\u00ebt kan\u00eb fituar nd\u00ebr vite, administrata e Spitalit i kushton nj\u00eb v\u00ebmendje t\u00eb madhe edukimit n\u00eb vazhdim\u00ebsi dhe trajnimeve t\u00eb her\u00ebpashershme t\u00eb stafit mjek\u00ebsor me q\u00ebllim p\u00ebr t\u2019ju p\u00ebrgjigjur n\u00eb koh\u00eb dhe me cil\u00ebsi k\u00ebrkesave gjithmon\u00eb n\u00eb rritje t\u00eb pacient\u00ebve tan\u00eb.<\/p>\n<p>Spitali ALOKA \u00ebsht\u00eb plot\u00ebsisht i vet\u00ebdijsh\u00ebm p\u00ebr misionin e shenjt\u00eb dhe delikat q\u00eb ka \u00a0marr\u00eb p\u00ebrsip\u00ebr, kujdesin p\u00ebr sh\u00ebndetin i cili \u00a0lidhet n\u00eb m\u00ebnyr\u00eb t\u00eb drejt\u00ebp\u00ebrdrejt\u00eb me ndjenj\u00ebn e humanizmit dhe p\u00ebrgjegj\u00ebsis\u00eb ndaj personave n\u00eb nevoj\u00eb.<br \/>Ne e dijm\u00eb q\u00eb vizita n\u00eb spital \u00ebsht\u00eb nj\u00eb p\u00ebrvoj\u00eb stresuese dhe ne duam t\u00eb b\u00ebjm\u00eb \u00e7mos q\u00eb ju t\u00eb ndjeheni t\u00eb qet\u00eb dhe t\u00eb kuptoni \u00e7do gj\u00eb rreth kontroll\u00ebs suaj.<\/p>\n<p>P\u00ebr juve kujdesen nj\u00eb ekip\u00eb, mjek\u00ebt, infermier\u00ebt dhe ekipa ndim\u00ebse q\u00eb jan\u00eb k\u00ebtu p\u00ebr ta b\u00ebr\u00eb q\u00ebndrimin tuaj sa m\u00eb t\u00eb sigurt\u00eb, Ndjehuni t\u00eb lir\u00eb b\u00ebni pyetje apo t\u00eb ngreni shq\u00ebt\u00ebsime.<br \/>Shpresojm\u00eb q\u00eb kjo faqe t\u00eb iu jap\u00eb disa informacione t\u00eb domosdoshme.<br \/>Sigurisht q\u00eb ekipi jon\u00eb me k\u00ebnaq\u00ebsi do t\u00eb iu p\u00ebrgjigjet pyetjeve tuaja individuale.<\/p>\n<p>Departamentet tona<\/p>\n<h2>Sh\u00ebrbime t\u00eb p\u00ebrkushtuara<\/h2>\n<p>                                                                                                                                                                                                                                                                                                <img src=\" https:\/\/spitalialoka.com\/al\/wp-content\/uploads\/2019\/01\/radiology.png\" alt=\"\"> <img src=\" https:\/\/spitalialoka.com\/al\/wp-content\/uploads\/2019\/01\/radiology-1.png\" alt=\"\"> Radiologji <img src=\" https:\/\/spitalialoka.com\/al\/wp-content\/uploads\/2019\/01\/orthopedic-p.png\" alt=\"\"> <img src=\" https:\/\/spitalialoka.com\/al\/wp-content\/uploads\/2019\/01\/orthopedic-w.png\" alt=\"\"> Gjinekologji <img src=\" https:\/\/spitalialoka.com\/al\/wp-content\/uploads\/2018\/11\/kirurgy2.png\" alt=\"\"> <img src=\" https:\/\/spitalialoka.com\/al\/wp-content\/uploads\/2018\/11\/kirurgy2-Copy.png\" alt=\"\"> Kirurgji <img src=\" https:\/\/spitalialoka.com\/al\/wp-content\/uploads\/2018\/11\/neurology.png\" alt=\"\"> <img src=\" https:\/\/spitalialoka.com\/al\/wp-content\/uploads\/2018\/11\/neurology2.png\" alt=\"\"> Neurologji <img src=\" https:\/\/spitalialoka.com\/al\/wp-content\/uploads\/2018\/11\/gastroenterology-png.png\" alt=\"\"> <img src=\" https:\/\/spitalialoka.com\/al\/wp-content\/uploads\/2018\/11\/gastroenterology-png-Copy.png\" alt=\"\"> Gastroenterologji <img src=\" https:\/\/spitalialoka.com\/al\/wp-content\/uploads\/2018\/11\/labor.png\" alt=\"\"> <img src=\" https:\/\/spitalialoka.com\/al\/wp-content\/uploads\/2018\/11\/labor1.png\" alt=\"\"> Laboratori <img src=\" https:\/\/spitalialoka.com\/al\/wp-content\/uploads\/2019\/01\/cardiogram1.png\" alt=\"\"> <img src=\" https:\/\/spitalialoka.com\/al\/wp-content\/uploads\/2019\/01\/cardiogram2.png\" alt=\"\"> Kardiologji<br \/>\n                                     <img loading=\"lazy\" width=\"700\" height=\"568\" src=\"https:\/\/spitalialoka.com\/al\/wp-content\/uploads\/2019\/01\/magnetom-skyra-700x568.jpg\" alt=\"\" \/><\/p>\n<h2>Radiologji<\/h2>\n<p>Imazheri e avansuar (MRI) \u00ebsht\u00eb nj\u00eb teknik\u00eb e imazhit mjek\u00ebsor q\u00eb p\u00ebrdoret n\u00eb radiologji p\u00ebr t\u00eb formuar fotografi t\u00eb anatomis\u00eb dhe proceseve fiziologjike t\u00eb trupit. Skanuesit MRI p\u00ebrdorin fusha t\u00eb forta magnetike, gradientet e fush\u00ebs magnetike dhe val\u00ebt e radios p\u00ebr t\u00eb gjeneruar imazhe t\u00eb organeve n\u00eb trup. MRI nuk p\u00ebrfshin rrezet X ose p\u00ebrdorimin e rrezatimit jonizues, i cili e dallon at\u00eb nga skanimet CT ose CAT dhe skanimet PET. Imazhet e rezonanc\u00ebs magnetike jan\u00eb nj\u00eb aplikim mjek\u00ebsor i rezonanc\u00ebs magnetike. NMR gjithashtu mund t\u00eb p\u00ebrdoret p\u00ebr imazhe n\u00eb aplikacione t\u00eb tjera t\u00eb NMR si\u00e7 \u00ebsht\u00eb spektroskopia NMR. 1.&hellip;<\/p>\n<ul>\n<li><\/li>\n<li>\n                                         <a href=\"https:\/\/spitalialoka.com\/al\/departments\/radiologji\/\">P\u00ebr m\u00eb shum\u00eb<\/a> <\/li>\n<\/ul>\n<p>                                        <img src=\" https:\/\/spitalialoka.com\/al\/wp-content\/uploads\/2019\/01\/radiology-1.png\" alt=\"\"><br \/>\n                                     <img loading=\"lazy\" width=\"700\" height=\"540\" src=\"https:\/\/spitalialoka.com\/al\/wp-content\/uploads\/2018\/11\/ginekologija-2-700x540.jpg\" alt=\"\" \/><\/p>\n<h2>Gjinekologji<\/h2>\n<p>1. Vizita gjinekologjike2. Eko gjinekologjike3. PAP test4. Strisho vaginale dhe cervikale5. Operacionet gjinekologjike: Laparaskopike dhe klasike6. IVF 7. Trajtimin e infertilitetit- sterilitetit: Transferi i embrioneveKonzervimi dhe ruajtja e spermes Spermogramit Aspirimi i qelizave veze Ruajtja e embrioneve Transferi i embrioneve Konzervimi dhe ruajtja e spermes 8. Kiretazha explorative9. Biopsia transvaginale10. Operacionet gjinekologjike : Largimi tubave me metoden e hapur dhe laparoskopikeLargimi vezoreve dhe tumoreve te vezoreve me metoden klasike dhe me laparaskopLargimi i cistave me metoden klasike dhe me laparaskopOperacioni i mitres me metoden e hapur dhe laparaskopOperacionet e Cancerit te qafes dhe trupit te mitresOperacioni i miomave- Miomectomia :&hellip;<\/p>\n<ul>\n<li><\/li>\n<li>\n                                         <a href=\"https:\/\/spitalialoka.com\/al\/departments\/gjinekologji\/\">P\u00ebr m\u00eb shum\u00eb<\/a> <\/li>\n<\/ul>\n<p>                                        <img src=\" https:\/\/spitalialoka.com\/al\/wp-content\/uploads\/2019\/01\/orthopedic-w.png\" alt=\"\"><br \/>\n                                     <img loading=\"lazy\" width=\"700\" height=\"568\" src=\"https:\/\/spitalialoka.com\/al\/wp-content\/uploads\/2018\/11\/kirurgji-700x568.jpg\" alt=\"\" \/><\/p>\n<h2>Kirurgji<\/h2>\n<p>Spitali Aloka p\u00ebrmban objektet m\u00eb t\u00eb avansuar kirurgjikale, ku kirurg\u00ebt ekspert\u00eb kryejn\u00eb nj\u00eb plot\u00ebsim t\u00eb plot\u00eb t\u00eb procedurave, duke p\u00ebrfshir\u00eb opsionet minimale invazive kirurgjike &#8211; duke p\u00ebrdorur teknika t\u00eb p\u00ebrparuara laparoskopike. Kirurg\u00ebt tan\u00eb, p\u00ebrfshir\u00eb specialist\u00eb t\u00eb specializuar t\u00eb kirurgjis\u00eb, aplikojn\u00eb p\u00ebrparimet m\u00eb t\u00eb fundit teknologjike p\u00ebr t\u00eb b\u00ebr\u00eb nj\u00eb operacion minimalisht invaziv m\u00eb t\u00eb mir\u00eb se m\u00eb par\u00eb. Kujdesi i personalizuar \u00ebsht\u00eb shenj\u00eb dalluese e Spitalit ALOKA dhe ekipi yn\u00eb i ekspert\u00ebve do t\u00eb punoj\u00eb me ju p\u00ebr t\u00eb hartuar nj\u00eb plan q\u00eb i p\u00ebrshtatet nevojave tuaja unike.Disa procedura k\u00ebrkojn\u00eb q\u00ebndrim n\u00eb spital nd\u00ebrsa t\u00eb tjer\u00ebt mund t\u00eb kryhen n\u00eb&hellip;<\/p>\n<ul>\n<li><\/li>\n<li>\n                                         <a href=\"https:\/\/spitalialoka.com\/al\/departments\/kirurgji\/\">P\u00ebr m\u00eb shum\u00eb<\/a> <\/li>\n<\/ul>\n<p>                                        <img src=\" https:\/\/spitalialoka.com\/al\/wp-content\/uploads\/2018\/11\/kirurgy2-Copy.png\" alt=\"\"><br \/>\n                                     <img loading=\"lazy\" width=\"700\" height=\"568\" src=\"https:\/\/spitalialoka.com\/al\/wp-content\/uploads\/2018\/11\/Neurology-700x568.jpg\" alt=\"\" \/><\/p>\n<h2>Neurologji<\/h2>\n<p>Sistemi nervor i njeriut &#8211; truri, palca kurrizore dhe nervat &#8211; \u00ebsht\u00eb nj\u00eb rrjet i nd\u00ebrlikuar q\u00eb kontrollon t\u00eb gjitha funksionet e trupit, nga frym\u00ebmarrja dhe g\u00eblltitja deri tek ecja dhe m\u00ebsimi. Problemet me k\u00ebt\u00eb sistem kompleks &#8211; t\u00eb tilla si s\u00ebmundja e Parkinsonit, goditja n\u00eb tru, epilepsia, tumoret e trurit dhe \u00e7menduria &#8211; k\u00ebrkojn\u00eb diagnoz\u00eb dhe trajtim t\u00eb ekspert\u00ebve nga nj\u00eb ekip mjek\u00ebsh shum\u00eb t\u00eb aft\u00eb. Vizita Neurologjike EMNG<\/p>\n<ul>\n<li><\/li>\n<li>\n                                         <a href=\"https:\/\/spitalialoka.com\/al\/departments\/neurologji\/\">P\u00ebr m\u00eb shum\u00eb<\/a> <\/li>\n<\/ul>\n<p>                                        <img src=\" https:\/\/spitalialoka.com\/al\/wp-content\/uploads\/2018\/11\/neurology2.png\" alt=\"\"><br \/>\n                                     <img loading=\"lazy\" width=\"700\" height=\"568\" src=\"https:\/\/spitalialoka.com\/al\/wp-content\/uploads\/2018\/11\/slide-01-700x568.jpg\" alt=\"\" \/><\/p>\n<h2>Gastroenterologji<\/h2>\n<p>Ekipi yn\u00eb i gastroenterolog\u00ebve t\u00eb \u00e7ertifikuar, infermier\u00eb t\u00eb regjistruar dhe specialist\u00eb t\u00eb endoskopis\u00eb p\u00ebrdor teknikat e fundit p\u00ebr t\u00eb kryer mij\u00ebra procedura n\u00eb vit p\u00ebr t\u00eb ekzaminuar, identifikuar dhe trajtuar nj\u00eb spekt\u00ebr t\u00eb plot\u00eb. Kolonoskopia, nj\u00eb nga procedurat m\u00eb t\u00eb shpeshta t\u00eb endoskopis\u00eb, \u00ebsht\u00eb nj\u00eb mjet shqyrtimi kritik p\u00ebr kancerin dhe s\u00ebmundjet e tjera t\u00eb zorr\u00ebs s\u00eb trash\u00eb. Kanceri i zorr\u00ebs s\u00eb trash\u00eb dhe rektumit \u00ebsht\u00eb lloji i tret\u00eb m\u00eb i zakonsh\u00ebm i kancerit, dhe shkaku i dyt\u00eb kryesor i vdekjeve nga kanceri, por \u00ebsht\u00eb pothuajse plot\u00ebsisht i parandaluesh\u00ebm p\u00ebrmes p\u00ebrdorimit t\u00eb testeve t\u00eb kontrollit t\u00eb rregullt. Vizita internistike dhe&hellip;<\/p>\n<ul>\n<li><\/li>\n<li>\n                                         <a href=\"https:\/\/spitalialoka.com\/al\/departments\/gastroenterologji\/\">P\u00ebr m\u00eb shum\u00eb<\/a> <\/li>\n<\/ul>\n<p>                                        <img src=\" https:\/\/spitalialoka.com\/al\/wp-content\/uploads\/2018\/11\/gastroenterology-png-Copy.png\" alt=\"\"><br \/>\n                                     <img loading=\"lazy\" width=\"700\" height=\"568\" src=\"https:\/\/spitalialoka.com\/al\/wp-content\/uploads\/2018\/11\/laboratory-700x568.jpg\" alt=\"\" \/><\/p>\n<h2>Laboratori<\/h2>\n<p>Nuk t\u00eb p\u00eblqen t\u00eb pres\u00ebsh.Sidomos kur jeni duke pritur t\u00eb b\u00ebni teste laboratorike.Kjo \u00ebsht\u00eb arsyeja pse Spitali Aloka ofron sh\u00ebrbime laboratorike, t\u00eb kryera nga nj\u00eb ekip biokimist dhe teknik\u00ebsh shum\u00eb t\u00eb specializuar. Sapo t\u00eb p\u00ebrfundoj\u00eb testi juaj, ne d\u00ebrgojm\u00eb ekzemplarin tuaj n\u00eb laboratorin ton\u00eb.Dhe sa m\u00eb shpejt q\u00eb laboratori t\u00eb ket\u00eb rezultatet, do t\u00eb filloni t\u00eb merrni p\u00ebrgjigje.Ne do t&#8217;ju njoftojm\u00eb p\u00ebr rezultatet tuaja laboratorike personalisht. Ne ne Spitalin Aloka gjithmon p\u00ebrdorim teknologjin e fundit dhe m\u00eb t\u00eb sofistikuar p\u00ebr rezultatin m\u00eb t\u00eb sakt\u00eb. Testet hematologjike Testet e koagulimit (PT\/INR, APTT) Analizat biokimike Analizat hormonale Tumor markeret Analiza rutin\u00eb e&hellip;<\/p>\n<ul>\n<li><\/li>\n<li>\n                                         <a href=\"https:\/\/spitalialoka.com\/al\/departments\/laboratori\/\">P\u00ebr m\u00eb shum\u00eb<\/a> <\/li>\n<\/ul>\n<p>                                        <img src=\" https:\/\/spitalialoka.com\/al\/wp-content\/uploads\/2018\/11\/labor1.png\" alt=\"\"><br \/>\n                                     <img loading=\"lazy\" width=\"700\" height=\"568\" src=\"https:\/\/spitalialoka.com\/al\/wp-content\/uploads\/2018\/11\/kardiolt-700x568.jpg\" alt=\"\" \/><\/p>\n<h2>Kardiologji<\/h2>\n<p>Problemet e zemr\u00ebs mund t\u00eb jen\u00eb rezultat i gjenetik\u00ebs, nj\u00eb stili jetese jo t\u00eb sh\u00ebndetsh\u00ebm ose nj\u00eb gjendje tjet\u00ebr themelore. Sidoqoft\u00eb, p\u00ebr pjes\u00ebn m\u00eb t\u00eb madhe, kushtet e zemr\u00ebs jan\u00eb kryesisht t\u00eb parandalueshme. Specialist\u00ebt tan\u00eb t\u00eb zemr\u00ebs n\u00eb Sh\u00ebrbimet e Kardiologjis\u00eb Sh\u00ebndet\u00ebsore diagnostikojn\u00eb dhe trajtojn\u00eb t\u00eb gjitha kushtet e zemr\u00ebs dhe sistemit vaskular me teknologji dhe ekspertiz\u00eb m\u00eb t\u00eb lart\u00eb q\u00eb \u00ebsht\u00eb e pakonkurueshme n\u00eb Kosov\u00eb dhe rajonin. N\u00ebse d\u00ebshironi t\u00eb zvog\u00ebloni rrezikun e nj\u00eb sulmi n\u00eb zem\u00ebr p\u00ebrmes Programit ton\u00eb t\u00eb Kardiologjis\u00eb Parandaluese, keni nevoj\u00eb p\u00ebr nj\u00eb bllokim arterial t\u00eb pastruar nga Programi yn\u00eb i Kardiologjis\u00eb Nd\u00ebrhyr\u00ebse, nj\u00eb rrahje&hellip;<\/p>\n<ul>\n<li><\/li>\n<li>\n                                         <a href=\"https:\/\/spitalialoka.com\/al\/departments\/kardiologji\/\">P\u00ebr m\u00eb shum\u00eb<\/a> <\/li>\n<\/ul>\n<p>                                        <img src=\" https:\/\/spitalialoka.com\/al\/wp-content\/uploads\/2019\/01\/cardiogram2.png\" alt=\"\"><br \/>\n        Pse t\u00eb zgjidhemi ne<\/p>\n<h2>Cilat jan\u00eb sh\u00ebrbimet dhe cil\u00ebsit\u00eb tona<\/h2>\n<p>Shqet\u00ebsimet e juaja, p\u00ebrgjegj\u00ebsia e jon\u00eb\n<\/p>\n<p>\t\t\t\t\t\t\t\t\t\t\t<img loading=\"lazy\" width=\"64\" height=\"64\" src=\"https:\/\/spitalialoka.com\/al\/wp-content\/uploads\/2019\/01\/stethoscope1.png\" alt=\"\" \/>\t\t\t\t\t\t<\/p>\n<h3><a href=\"#\">Staf Profesional<\/a><\/h3>\n<p>Stafi i yn\u00eb \u00ebsht\u00eb i p\u00ebrb\u00ebr\u00eb nga specialist t\u00eb fushave t\u00eb ndryshme, t\u00eb nivelit t\u00eb lart\u00eb akademik dhe me p\u00ebrvoj\u00eb shum\u00eb-vjeqare.<\/p>\n<p>\t\t\t\t\t\t\t\t\t\t\t<img loading=\"lazy\" width=\"60\" height=\"60\" src=\"https:\/\/spitalialoka.com\/al\/wp-content\/uploads\/2019\/01\/ambulance.png\" alt=\"\" \/>\t\t\t\t\t\t<\/p>\n<h3>Raste Emergjente<\/h3>\n<p>P\u00ebr juve mbetet vet\u00ebm nj\u00eb thirrje telefonike n\u00eb emergjenc\u00ebn ton\u00eb, dhe stafi yn\u00eb mjek\u00ebsor p\u00ebr raste emergjente do t\u00eb ofroj ndihm\u00ebn dhe transportimin deri tek Spitali yn\u00eb.<\/p>\n<p>\t\t\t\t\t\t\t\t\t\t\t<img loading=\"lazy\" width=\"60\" height=\"60\" src=\"https:\/\/spitalialoka.com\/al\/wp-content\/uploads\/2019\/01\/doctor1.png\" alt=\"\" \/>\t\t\t\t\t\t<\/p>\n<h3>Doktor\u00eb  t\u00eb Kualifikuar<\/h3>\n<p>Doktor t\u00eb kualifikuar n\u00eb fushat p\u00ebrkat\u00ebse, njoh\u00ebs t\u00eb thell\u00eb t\u00eb l\u00ebmive dhe karier\u00eb t\u00eb bujshme profesionale.<\/p>\n<p>\t\t\t\t\t\t\t\t\t\t\t<img loading=\"lazy\" width=\"60\" height=\"60\" src=\"https:\/\/spitalialoka.com\/al\/wp-content\/uploads\/2019\/01\/24-hours.png\" alt=\"\" \/>\t\t\t\t\t\t<\/p>\n<h3>24\/7 Kujdes Maksimal<\/h3>\n<p>P\u00ebr pacient\u00ebt e hospitalizuar, mbikqyrje t\u00eb vazhdueshme nga Doktor\u00ebt kujdestar\u00eb, dhe stafi p\u00ebrcjell\u00ebs. Gjithnj\u00eb me juve dhe af\u00ebr juve.<\/p>\n<p>\t\t\t\t\t\t\t\t\t\t<img loading=\"lazy\" width=\"495\" height=\"658\" src=\"https:\/\/spitalialoka.com\/al\/wp-content\/uploads\/2019\/09\/aidahajdaraj.png\" alt=\"\" srcset=\"https:\/\/spitalialoka.com\/al\/wp-content\/uploads\/2019\/09\/aidahajdaraj.png 495w, https:\/\/spitalialoka.com\/al\/wp-content\/uploads\/2019\/09\/aidahajdaraj-226x300.png 226w\" sizes=\"(max-width: 495px) 100vw, 495px\" \/>\t\t\t\t\t\t\t\t\t\t\t<\/p>\n<p>Ju duhet ndihm\u00eb p\u00ebr sh\u00ebndetin tuaj&#8230;.<\/p>\n<h2>Ne kujdesemi p\u00ebr sh\u00ebndetin tuaj<\/h2>\n<p>        <a href=\"https:\/\/spitalialoka.com\/al\/kontakt\/\">Na Kontaktoni<\/a><\/p>\n","protected":false},"excerpt":{"rendered":"<p>[layerslider id=&#8221;2&#8243;] Spitali ALOKA Nj\u00eb rol kryesor n\u00eb ofrimin e sh\u00ebrbimeve t\u00eb cil\u00ebsis\u00eb s\u00eb lart\u00eb dhe konform standardeve nd\u00ebrkomb\u00ebtare, duke u fokusuar n\u00eb nevojat mjek\u00ebsore individuale t\u00eb \u00e7do pacienti, luan ekipi i mjek\u00ebve t\u00eb kualifikuar dhe me eksperienc\u00eb.Departamentet kryesor\u00eb t\u00eb Spitalit drejtohen nga mjek\u00eb me shum\u00eb eksperienc\u00eb dhe t\u00eb mir\u00ebnjohur n\u00eb fush\u00ebn e tyre.Krahas eksperienc\u00ebs&#8230;<\/p>\n","protected":false},"author":1,"featured_media":0,"parent":0,"menu_order":0,"comment_status":"closed","ping_status":"closed","template":"","meta":[],"_links":{"self":[{"href":"https:\/\/spitalialoka.com\/al\/wp-json\/wp\/v2\/pages\/444"}],"collection":[{"href":"https:\/\/spitalialoka.com\/al\/wp-json\/wp\/v2\/pages"}],"about":[{"href":"https:\/\/spitalialoka.com\/al\/wp-json\/wp\/v2\/types\/page"}],"author":[{"embeddable":true,"href":"https:\/\/spitalialoka.com\/al\/wp-json\/wp\/v2\/users\/1"}],"replies":[{"embeddable":true,"href":"https:\/\/spitalialoka.com\/al\/wp-json\/wp\/v2\/comments?post=444"}],"version-history":[{"count":72,"href":"https:\/\/spitalialoka.com\/al\/wp-json\/wp\/v2\/pages\/444\/revisions"}],"predecessor-version":[{"id":3148,"href":"https:\/\/spitalialoka.com\/al\/wp-json\/wp\/v2\/pages\/444\/revisions\/3148"}],"wp:attachment":[{"href":"https:\/\/spitalialoka.com\/al\/wp-json\/wp\/v2\/media?parent=444"}],"curies":[{"name":"wp","href":"https:\/\/api.w.org\/{rel}","templated":true}]}}